{"id":519,"date":"2022-05-02T14:23:29","date_gmt":"2022-05-02T13:23:29","guid":{"rendered":"https:\/\/sangarconsulting.es\/politica-de-privadesa-i-avis-legal\/"},"modified":"2025-06-18T11:02:51","modified_gmt":"2025-06-18T10:02:51","slug":"politica-de-privadesa-i-avis-legal","status":"publish","type":"page","link":"https:\/\/sangarconsulting.es\/ca\/politica-de-privadesa-i-avis-legal\/","title":{"rendered":"Pol\u00edtica de Privadesa i Av\u00eds Legal"},"content":{"rendered":"<div class=\"wpb-content-wrapper\"><p>[vc_row conditional_render=&#8221;%5B%7B%22value_role%22%3A%22administrator%22%7D%5D&#8221;][vc_column][vc_empty_space height=&#8221;50px&#8221;][vc_column_text css=&#8221;&#8221; css_params=&#8221;&#8221;]<\/p>\n<h2 style=\"text-align: center;\">I. POL\u00cdTICA DE PRIVACITAT<\/h2>\n<p>En compliment del REGLAMENT (UE) 2016\/679 DEL PARLAMENT EUROPEU I DEL CONSELL de 27 d&#8217;Abril de 2016, relatiu a la protecci\u00f3 de les persones f\u00edsiques pel que fa al tractament de dades personals i a la lliure circulaci\u00f3 d&#8217;aquestes dades, i de la Llei org\u00e0nica 3\/2018, de 5 de desembre, de Protecci\u00f3 de Dades Personals i garantia dels drets digitals, se l&#8217;informa que les dades personals proporcionades per vost\u00e8 a trav\u00e9s del lloc web asindem.com (d&#8217;ara endavant el lloc web), seran tractats en els seg\u00fcents termes:<\/p>\n<p><strong>Responsable del tractament<\/strong><br \/>Les dades personals recaptades a trav\u00e9s d&#8217;aquest lloc web seran tractats per SANGAR CONSULTING, S.L., amb domicili per a l&#8217;exercici de drets en CL. EDUARD MARQUINA, 25-27 &#8211; 08911 BADALONA (Barcelona). E-mail: info@sangarconsulting.es.  <\/p>\n<p><strong>Finalitats del tractament<\/strong><\/p>\n<ul>\n<li>Informar-lo sobre els nostres productes i serveis, quan aix\u00ed ho sol\u00b7liciti a trav\u00e9s dels formularis del lloc web o per correu electr\u00f2nic.<\/li>\n<li>Donar contestaci\u00f3 i gestionar les seves consultes, comentaris i suggeriments, si \u00e9s el cas.<\/li>\n<li>Gestionar la seva participaci\u00f3 en presents i futurs processos de selecci\u00f3, quan ens faci arribar les seves dades (incl\u00f2s el seu curr\u00edculum) amb aquesta finalitat.<\/li>\n<li>Amb la finalitat d&#8217;obtenir informaci\u00f3 de l&#8217;\u00fas del lloc web, s&#8217;analitzen el nombre de p\u00e0gines visitades, el nombre de visites, aix\u00ed com l&#8217;activitat dels visitants i la seva freq\u00fc\u00e8ncia d&#8217;utilitzaci\u00f3. A aquest efecte, el RESPONSABLE utilitza informaci\u00f3 estad\u00edstica elaborada pel Prove\u00efdor de Serveis d&#8217;Internet que no permet identificar a l&#8217;interessat en cap moment. <\/li>\n<\/ul>\n<p><strong>Legitimaci\u00f3<\/strong><br \/><span style=\"text-decoration: underline;\">Consentiment<\/span>. Les dades personals obtingudes a trav\u00e9s dels formularis del lloc web seran tractats \u00fanicament sobre la base del consentiment atorgat per l&#8217;interessat, a trav\u00e9s de l&#8217;acceptaci\u00f3 de la casella disposada per a tal fi. Aquest consentiment pot ser retirat en qualsevol moment.  <\/p>\n<p><span style=\"text-decoration: underline;\">Inter\u00e8s leg\u00edtim del responsable<\/span>. La informaci\u00f3 estad\u00edstica obtinguda del lloc web ser\u00e0 tractada sobre la base de l&#8217;inter\u00e8s leg\u00edtim del responsable. Aquesta informaci\u00f3 no permet identificar a l&#8217;usuari.  <\/p>\n<p><strong>Destinataris<\/strong><br \/>Les dades personals obtingudes a trav\u00e9s del lloc web no seran comunicats a tercers, excepte obligaci\u00f3 legal.<\/p>\n<p><strong>Conservaci\u00f3<\/strong><br \/>Les dades personals facilitades per l&#8217;usuari per a rebre comunicacions comercials seran conservats mentre l&#8217;interessat no sol\u00b7liciti la seva supressi\u00f3 o retiri el seu consentiment.<\/p>\n<p>Quan l&#8217;usuari envi\u00ef les seves dades personals per a participar en processos de selecci\u00f3 del RESPONSABLE, les dades seran tractades per a participar en presents processos de selecci\u00f3, i si no fos seleccionat, es conservaran les seves dades personals durant un per\u00edode de dos anys amb la finalitat de poder comptar amb la seva participaci\u00f3 en futurs processos.<\/p>\n<p>Quan l&#8217;usuari envi\u00ef les seves dades per a contactar amb el RESPONSABLE, realitzar consultes o suggeriments, les dades es conservaran mentre sigui necessari per a tal fi i puguin derivar-se responsabilitats del tractament.<\/p>\n<p>Dades de tr\u00e0nsit, estad\u00edstics i visites web: les dades seran conservades durant el termini de tres anys.<\/p>\n<p><strong>Drets<\/strong><br \/>Pot exercir els seus drets d&#8217;acc\u00e9s, rectificaci\u00f3, supressi\u00f3 i portabilitat de les seves dades, de limitaci\u00f3 i oposici\u00f3 al seu tractament, mitjan\u00e7ant escrit dirigit a SANGAR CONSULTING, S.L. CL. EDUARD MARQUINA, 25-27 &#8211; 08911 BADALONA (Barcelona). E-mail: info@sangarconsulting.es. En cas de disconformitat amb el tractament, tamb\u00e9 t\u00e9 dret a presentar una reclamaci\u00f3 davant l&#8217;Ag\u00e8ncia Espanyola de Protecci\u00f3 de Dades (www.aepd.es).   <\/p>\n<p><strong>Pol\u00edtica de protecci\u00f3 de menors<\/strong><br \/>Qui facilita les dades a trav\u00e9s dels formularis d&#8217;aquesta Web i accepta el seu tractament declara formalment ser major de 14 anys.<\/p>\n<p>Queda prohibit l&#8217;acc\u00e9s i \u00fas del portal als menors de 14 anys d&#8217;edat.<\/p>\n<p>El RESPONSABLE recorda a les persones majors d&#8217;edat que tinguin al seu c\u00e0rrec menors, que ser\u00e0 de la seva exclusiva responsabilitat si algun menor incorpora les seves dades per a sol\u00b7licitar algun producte.<\/p>\n<p>Tamb\u00e9 els informa que existeixen programes inform\u00e0tics per a delimitar la navegaci\u00f3 mitjan\u00e7ant el filtre o bloqueig a determinats continguts.<\/p>\n<p><strong>Tractament derivat de l&#8217;\u00fas de les xarxes socials<\/strong><br \/>En seguir el nostre perfil en les xarxes socials consent expressament el tractament de les seves dades personals conforme a la pol\u00edtica de privacitat de la corresponent xarxa social. Igualment, consent expressament l&#8217;acc\u00e9s del RESPONSABLE al tractament de les seves dades contingudes en el seu perfil i que les not\u00edcies publicades sobre qualsevol producte del RESPONSABLE apareguin en el seu mur. La seva petici\u00f3 per a connectar implica necess\u00e0riament el seu consentiment per als tractaments assenyalats, sent aquesta la base legal del tractament. Les dades es conservaran mentre l&#8217;interessat no sol\u00b7liciti la seva oposici\u00f3 o retiri el seu consentiment, podent retirar est en qualsevol moment.   <\/p>\n<p>Els comentaris i continguts publicats en les xarxes socials es convertiran en informaci\u00f3 p\u00fablica, per la qual cosa els usuaris hauran de tenir especial cautela quan decideixin compartir la seva informaci\u00f3 personal. El RESPONSABLE no es fa responsable per la informaci\u00f3 que els usuaris incorporin en la p\u00e0gina. No obstant aix\u00f2, les persones les dades personals de les quals es trobin publicats o estiguin inclosos en comentaris, podran sol\u00b7licitar al RESPONSABLE la cancel\u00b7laci\u00f3 d&#8217;aquests.  <\/p>\n<h2 style=\"text-align: center;\"><strong>II. AV\u00cdS LEGAL <\/strong><\/h2>\n<p><strong>Identificaci\u00f3<\/strong><br \/>En compliment amb el deure d&#8217;informaci\u00f3 recollit en article 10 de la Llei 34\/2002, d&#8217;11 de juliol, de Serveis de la Societat de la Informaci\u00f3 i del Comer\u00e7 Electr\u00f2nic, SANGAR CONSULTING, S.L. (SANGAR CONSULTING, S.L.), l&#8217;informa que les dades aqu\u00ed consignades corresponen a l&#8217;entitat titular del lloc web www.sangarconsulting.es<\/p>\n<p><strong>Denominaci\u00f3:<\/strong> SANGAR CONSULTING, S.L.<br \/><strong>Domicili: <\/strong>CL. EDUARD MARQUINA, 25-27 \u2013 08911 BADALONA (Barcelona) <br \/><strong>Tel\u00e8fon:<\/strong> 608571587<br \/><strong>Email:<\/strong> info@sangarconsulting.es<br \/><strong>CIF:<\/strong> B10930899<br \/><strong>Inscripci\u00f3 registral: <\/strong>Registre Mercantil de BARCELONA Tom 48407, Foli 117, Secci\u00f3 8, Fulla 582915, Inscripci\u00f3 1a<\/p>\n<p><strong>Propietat intel\u00b7lectual i industrial<\/strong><br \/>Tots els drets de Propietat Industrial i Intel\u00b7lectual de la totalitat d&#8217;elements continguts en aquest lloc web, incloses les marques comercials, formats, dissenys gr\u00e0fics, textos, imatges i documents, pertanyen a SANGAR CONSULTING, S.L. i es troben protegits per les lleis espanyoles i internacionals sobre propietat Intel\u00b7lectual i Industrial. Queda expressament prohibida la reproducci\u00f3 total o parcial d&#8217;aquest lloc web i de qualsevol dels seus continguts sense el perm\u00eds expr\u00e9s i per escrit de SANGAR CONSULTING, S.L. L&#8217;acc\u00e9s al lloc web no implica cap mena de ren\u00fancia, transmissi\u00f3, llic\u00e8ncia o cessi\u00f3 d&#8217;aquests drets per part de SANGAR CONSULTING, S.L., tret que s&#8217;estableixi expressament el contrari. <\/p>\n<p><strong>Condicions d&#8217;\u00fas<\/strong><br \/>L&#8217;acc\u00e9s a aquest lloc web implica l&#8217;acceptaci\u00f3 d&#8217;aquestes condicions d&#8217;\u00fas sense reserves que regulen l&#8217;acc\u00e9s i la utilitzaci\u00f3 d&#8217;aquest amb la finalitat de posar a la disposici\u00f3 dels usuaris informaci\u00f3 sobre els nostres productes.<\/p>\n<p>Es prohibeix expressament la utilitzaci\u00f3 dels continguts d&#8217;aquest lloc web per a la seva utilitzaci\u00f3 amb finalitats comercials o per a la seva distribuci\u00f3, transformaci\u00f3 o comunicaci\u00f3.<br \/>SANGAR CONSULTING, S.L., no respondr\u00e0 de cap conseq\u00fc\u00e8ncia, mal o perjudici que poguessin derivar-se d&#8217;aquesta utilitzaci\u00f3 o \u00fas de la informaci\u00f3.<\/p>\n<p>Tant l&#8217;acc\u00e9s a aquesta Web com l&#8217;\u00fas que pugui fer-se de la informaci\u00f3 continguda en la mateixa \u00e9s de l&#8217;exclusiva responsabilitat de qui el realitza.<br \/>L&#8217;usuari s&#8217;obliga a no utilitzar la informaci\u00f3 que es publica en aquesta Web amb finalitats o efectes il\u00b7l\u00edcits o lesius, a no danyar o inutilitzar la informaci\u00f3 i a no realitzar qualsevol altra acci\u00f3 que puguin ser contr\u00e0ria al contingut d&#8217;aquest Av\u00eds Legal.<\/p>\n<p>SANGAR CONSULTING, S.L. no pot assegurar la inexist\u00e8ncia d&#8217;interrupcions o errors en l&#8217;acc\u00e9s a aquest lloc web, encara que posar\u00e0 els seus majors esfor\u00e7os per a evitar-los.<\/p>\n<p><strong>Enlla\u00e7os a altres webs<\/strong><br \/>Els enlla\u00e7os (links) que pot trobar en aquesta Web s\u00f3n un servei als usuaris. Aquestes p\u00e0gines no s\u00f3n operades ni controlades per SANGAR CONSULTING, S.L., per aix\u00f2, no es fa responsable dels continguts d&#8217;aquests llocs web ni estan cobertes pel present Av\u00eds Legal. Si accedeix a aquestes p\u00e0gines Webs haur\u00e0 de tenir en compte que les seves pol\u00edtiques de privacitat poden ser diferents a la nostra.  <\/p>\n<p>Legislaci\u00f3 aplicable i compet\u00e8ncia jurisdiccional El present Av\u00eds Legal es regeix per la normativa espanyola vigent que li \u00e9s aplicable.<br \/>Per a la resoluci\u00f3 de les controv\u00e8rsies que poguessin derivar-se a conseq\u00fc\u00e8ncia del que es disposa en les presents disposicions i sobre la seva interpretaci\u00f3, aplicaci\u00f3 i compliment, les parts se sotmeten al fur corresponent al domicili de l&#8217;usuari.[\/vc_column_text][\/vc_column][\/vc_row][vc_row conditional_render=&#8221;%5B%7B%22value_role%22%3A%22administrator%22%7D%5D&#8221;][vc_column][vc_empty_space height=&#8221;50px&#8221;][\/vc_column][\/vc_row]<\/p>\n<\/div>","protected":false},"excerpt":{"rendered":"<p>[vc_row conditional_render=&#8221;%5B%7B%22value_role%22%3A%22administrator%22%7D%5D&#8221;][vc_column][vc_empty_space height=&#8221;50px&#8221;][vc_column_text css=&#8221;&#8221; css_params=&#8221;&#8221;] I. POL\u00cdTICA DE PRIVACITAT En compliment del REGLAMENT (UE) 2016\/679 DEL PARLAMENT EUROPEU I DEL CONSELL de 27 d&#8217;Abril de 2016, relatiu a la protecci\u00f3 de les persones f\u00edsiques pel que fa al tractament de dades personals i a la lliure circulaci\u00f3 d&#8217;aquestes dades, i de la Llei org\u00e0nica 3\/2018, [&hellip;]<\/p>\n","protected":false},"author":1,"featured_media":0,"parent":0,"menu_order":0,"comment_status":"closed","ping_status":"closed","template":"","meta":{"_seopress_robots_primary_cat":"","_seopress_titles_title":"%%post_title%% %%sep%% %%sitetitle%% , %%tagline%%","_seopress_titles_desc":"Informaci\u00f3 sobre privacitat de dades, termes legals i condicions d'\u00fas de Sangar Consulting. Transpar\u00e8ncia i seguretat. ","_seopress_robots_index":"","_joinchat":[],"footnotes":""},"class_list":["post-519","page","type-page","status-publish","hentry"],"_links":{"self":[{"href":"https:\/\/sangarconsulting.es\/ca\/wp-json\/wp\/v2\/pages\/519","targetHints":{"allow":["GET"]}}],"collection":[{"href":"https:\/\/sangarconsulting.es\/ca\/wp-json\/wp\/v2\/pages"}],"about":[{"href":"https:\/\/sangarconsulting.es\/ca\/wp-json\/wp\/v2\/types\/page"}],"author":[{"embeddable":true,"href":"https:\/\/sangarconsulting.es\/ca\/wp-json\/wp\/v2\/users\/1"}],"replies":[{"embeddable":true,"href":"https:\/\/sangarconsulting.es\/ca\/wp-json\/wp\/v2\/comments?post=519"}],"version-history":[{"count":3,"href":"https:\/\/sangarconsulting.es\/ca\/wp-json\/wp\/v2\/pages\/519\/revisions"}],"predecessor-version":[{"id":542,"href":"https:\/\/sangarconsulting.es\/ca\/wp-json\/wp\/v2\/pages\/519\/revisions\/542"}],"wp:attachment":[{"href":"https:\/\/sangarconsulting.es\/ca\/wp-json\/wp\/v2\/media?parent=519"}],"curies":[{"name":"wp","href":"https:\/\/api.w.org\/{rel}","templated":true}]}}